{"id":21,"date":"2020-11-10T14:24:27","date_gmt":"2020-11-10T14:24:27","guid":{"rendered":"http:\/\/waterpro:8000\/?page_id=21"},"modified":"2024-01-22T21:17:09","modified_gmt":"2024-01-22T21:17:09","slug":"quienes-somos","status":"publish","type":"page","link":"https:\/\/greeninnovationinternational.com\/en\/quienes-somos\/","title":{"rendered":"About us"},"content":{"rendered":"<div data-elementor-type=\"wp-page\" data-elementor-id=\"21\" class=\"elementor elementor-21\">\n\t\t\t\t\t\t<section class=\"elementor-section elementor-top-section elementor-element elementor-element-bd42ac7 elementor-section-full_width elementor-section-height-default elementor-section-height-default\" data-id=\"bd42ac7\" data-element_type=\"section\" data-e-type=\"section\" data-settings=\"{&quot;background_background&quot;:&quot;gradient&quot;}\">\n\t\t\t\t\t\t<div class=\"elementor-container elementor-column-gap-no\">\n\t\t\t\t\t<div class=\"elementor-column elementor-col-100 elementor-top-column elementor-element elementor-element-c68fcae\" data-id=\"c68fcae\" data-element_type=\"column\" data-e-type=\"column\">\n\t\t\t<div class=\"elementor-widget-wrap elementor-element-populated\">\n\t\t\t\t\t\t<div class=\"elementor-element elementor-element-d62083c elementor-hidden-desktop elementor-widget elementor-widget-spacer\" data-id=\"d62083c\" data-element_type=\"widget\" data-e-type=\"widget\" data-widget_type=\"spacer.default\">\n\t\t\t\t<div class=\"elementor-widget-container\">\n\t\t\t\t\t\t\t<div class=\"elementor-spacer\">\n\t\t\t<div class=\"elementor-spacer-inner\"><\/div>\n\t\t<\/div>\n\t\t\t\t\t\t<\/div>\n\t\t\t\t<\/div>\n\t\t\t\t<section class=\"elementor-section elementor-inner-section elementor-element elementor-element-d40056c elementor-section-boxed elementor-section-height-default elementor-section-height-default\" data-id=\"d40056c\" data-element_type=\"section\" data-e-type=\"section\">\n\t\t\t\t\t\t<div class=\"elementor-container elementor-column-gap-default\">\n\t\t\t\t\t<div class=\"elementor-column elementor-col-50 elementor-inner-column elementor-element elementor-element-68f959d\" data-id=\"68f959d\" data-element_type=\"column\" data-e-type=\"column\">\n\t\t\t<div class=\"elementor-widget-wrap elementor-element-populated\">\n\t\t\t\t\t\t<div class=\"elementor-element elementor-element-d94cdd8 elementor-widget elementor-widget-heading\" data-id=\"d94cdd8\" data-element_type=\"widget\" data-e-type=\"widget\" data-widget_type=\"heading.default\">\n\t\t\t\t<div class=\"elementor-widget-container\">\n\t\t\t\t\t<h2 class=\"elementor-heading-title elementor-size-default\"><h2 style=\"text-align: center\"> <span style=\"color: #40ab39\">GREEN INNOVATION<\/span> INTERNATIONAL<\/h2> <\/h2>\t\t\t\t<\/div>\n\t\t\t\t<\/div>\n\t\t\t\t<div class=\"elementor-element elementor-element-06993ff elementor-hidden-phone elementor-widget elementor-widget-spacer\" data-id=\"06993ff\" data-element_type=\"widget\" data-e-type=\"widget\" data-widget_type=\"spacer.default\">\n\t\t\t\t<div class=\"elementor-widget-container\">\n\t\t\t\t\t\t\t<div class=\"elementor-spacer\">\n\t\t\t<div class=\"elementor-spacer-inner\"><\/div>\n\t\t<\/div>\n\t\t\t\t\t\t<\/div>\n\t\t\t\t<\/div>\n\t\t\t\t<div class=\"elementor-element elementor-element-b77c912 elementor-widget elementor-widget-text-editor\" data-id=\"b77c912\" data-element_type=\"widget\" data-e-type=\"widget\" data-widget_type=\"text-editor.default\">\n\t\t\t\t<div class=\"elementor-widget-container\">\n\t\t\t\t\t\t\t\t\t<h6><strong><span style=\"color: #379eff;\">|<\/span><\/strong>\u00a0Innovative and sustainable technological solutions.\nGreen Innovation International (Greenii) distribute environmentally friendly technologies designed for long-term sustainability.<\/h6><h6><span style=\"background-color: transparent;\">Our main solution, the Atmospheric Water Generator (AWG), produces pure, naturally alkaline drinking water by extracting moisture from the air through an advanced condensation process, providing a clean, sustainable water source for the future.<\/span>.<\/h6>\t\t\t\t\t\t\t\t<\/div>\n\t\t\t\t<\/div>\n\t\t\t\t\t<\/div>\n\t\t<\/div>\n\t\t\t\t<div class=\"elementor-column elementor-col-50 elementor-inner-column elementor-element elementor-element-235579f\" data-id=\"235579f\" data-element_type=\"column\" data-e-type=\"column\">\n\t\t\t<div class=\"elementor-widget-wrap elementor-element-populated\">\n\t\t\t\t\t\t<div class=\"elementor-element elementor-element-9dfd47a elementor-widget elementor-widget-image\" data-id=\"9dfd47a\" data-element_type=\"widget\" data-e-type=\"widget\" data-widget_type=\"image.default\">\n\t\t\t\t<div class=\"elementor-widget-container\">\n\t\t\t\t\t\t\t\t\t\t\t\t\t\t\t<img fetchpriority=\"high\" decoding=\"async\" width=\"1024\" height=\"680\" src=\"https:\/\/greeninnovationinternational.com\/wp-content\/uploads\/2023\/01\/closeup-shot-of-the-water-flowing-through-the-mossy-ground-1024x680-1.jpeg\" class=\"attachment-full size-full wp-image-7376\" alt=\"\" srcset=\"https:\/\/greeninnovationinternational.com\/wp-content\/uploads\/2023\/01\/closeup-shot-of-the-water-flowing-through-the-mossy-ground-1024x680-1.jpeg 1024w, https:\/\/greeninnovationinternational.com\/wp-content\/uploads\/2023\/01\/closeup-shot-of-the-water-flowing-through-the-mossy-ground-1024x680-1-300x199.jpeg 300w, https:\/\/greeninnovationinternational.com\/wp-content\/uploads\/2023\/01\/closeup-shot-of-the-water-flowing-through-the-mossy-ground-1024x680-1-768x510.jpeg 768w, https:\/\/greeninnovationinternational.com\/wp-content\/uploads\/2023\/01\/closeup-shot-of-the-water-flowing-through-the-mossy-ground-1024x680-1-600x398.jpeg 600w, https:\/\/greeninnovationinternational.com\/wp-content\/uploads\/2023\/01\/closeup-shot-of-the-water-flowing-through-the-mossy-ground-1024x680-1-800x531.jpeg 800w\" sizes=\"(max-width: 1024px) 100vw, 1024px\" \/>\t\t\t\t\t\t\t\t\t\t\t\t\t\t\t<\/div>\n\t\t\t\t<\/div>\n\t\t\t\t\t<\/div>\n\t\t<\/div>\n\t\t\t\t\t<\/div>\n\t\t<\/section>\n\t\t\t\t<div class=\"elementor-element elementor-element-6e2b7da elementor-widget elementor-widget-spacer\" data-id=\"6e2b7da\" data-element_type=\"widget\" data-e-type=\"widget\" data-widget_type=\"spacer.default\">\n\t\t\t\t<div class=\"elementor-widget-container\">\n\t\t\t\t\t\t\t<div class=\"elementor-spacer\">\n\t\t\t<div class=\"elementor-spacer-inner\"><\/div>\n\t\t<\/div>\n\t\t\t\t\t\t<\/div>\n\t\t\t\t<\/div>\n\t\t\t\t<section class=\"elementor-section elementor-inner-section elementor-element elementor-element-b0400c2 elementor-section-full_width elementor-section-height-default elementor-section-height-default\" data-id=\"b0400c2\" data-element_type=\"section\" data-e-type=\"section\">\n\t\t\t\t\t\t<div class=\"elementor-container elementor-column-gap-default\">\n\t\t\t\t\t<div class=\"elementor-column elementor-col-100 elementor-inner-column elementor-element elementor-element-f1038ca\" data-id=\"f1038ca\" data-element_type=\"column\" data-e-type=\"column\">\n\t\t\t<div class=\"elementor-widget-wrap elementor-element-populated\">\n\t\t\t\t\t\t<div class=\"elementor-element elementor-element-4b6d961 elementor-widget elementor-widget-image\" data-id=\"4b6d961\" data-element_type=\"widget\" data-e-type=\"widget\" data-widget_type=\"image.default\">\n\t\t\t\t<div class=\"elementor-widget-container\">\n\t\t\t\t\t\t\t\t\t\t\t\t\t\t\t<img decoding=\"async\" width=\"1024\" height=\"131\" src=\"https:\/\/greeninnovationinternational.com\/wp-content\/uploads\/2020\/12\/Resource-1-11-1024x131.png\" class=\"attachment-large size-large wp-image-3404\" alt=\"\" srcset=\"https:\/\/greeninnovationinternational.com\/wp-content\/uploads\/2020\/12\/Resource-1-11-1024x131.png 1024w, https:\/\/greeninnovationinternational.com\/wp-content\/uploads\/2020\/12\/Resource-1-11-600x77.png 600w, https:\/\/greeninnovationinternational.com\/wp-content\/uploads\/2020\/12\/Resource-1-11-800x102.png 800w, https:\/\/greeninnovationinternational.com\/wp-content\/uploads\/2020\/12\/Resource-1-11-300x38.png 300w, https:\/\/greeninnovationinternational.com\/wp-content\/uploads\/2020\/12\/Resource-1-11-768x98.png 768w, https:\/\/greeninnovationinternational.com\/wp-content\/uploads\/2020\/12\/Resource-1-11-1536x197.png 1536w, https:\/\/greeninnovationinternational.com\/wp-content\/uploads\/2020\/12\/Resource-1-11.png 2048w\" sizes=\"(max-width: 1024px) 100vw, 1024px\" \/>\t\t\t\t\t\t\t\t\t\t\t\t\t\t\t<\/div>\n\t\t\t\t<\/div>\n\t\t\t\t\t<\/div>\n\t\t<\/div>\n\t\t\t\t\t<\/div>\n\t\t<\/section>\n\t\t\t\t\t<\/div>\n\t\t<\/div>\n\t\t\t\t\t<\/div>\n\t\t<\/section>\n\t\t\t\t<section class=\"elementor-section elementor-top-section elementor-element elementor-element-5424c96 elementor-section-full_width elementor-section-height-default elementor-section-height-default\" data-id=\"5424c96\" data-element_type=\"section\" data-e-type=\"section\" data-settings=\"{&quot;background_background&quot;:&quot;gradient&quot;}\">\n\t\t\t\t\t\t\t<div class=\"elementor-background-overlay\"><\/div>\n\t\t\t\t\t\t\t<div class=\"elementor-container elementor-column-gap-default\">\n\t\t\t\t\t<div class=\"elementor-column elementor-col-100 elementor-top-column elementor-element elementor-element-c4d48d5\" data-id=\"c4d48d5\" data-element_type=\"column\" data-e-type=\"column\">\n\t\t\t<div class=\"elementor-widget-wrap elementor-element-populated\">\n\t\t\t\t\t\t<section class=\"elementor-section elementor-inner-section elementor-element elementor-element-219d656 elementor-section-boxed elementor-section-height-default elementor-section-height-default\" data-id=\"219d656\" data-element_type=\"section\" data-e-type=\"section\">\n\t\t\t\t\t\t<div class=\"elementor-container elementor-column-gap-default\">\n\t\t\t\t\t<div class=\"elementor-column elementor-col-100 elementor-inner-column elementor-element elementor-element-215df18\" data-id=\"215df18\" data-element_type=\"column\" data-e-type=\"column\">\n\t\t\t<div class=\"elementor-widget-wrap elementor-element-populated\">\n\t\t\t\t\t\t<div class=\"elementor-element elementor-element-9d6b457 elementor-hidden-desktop elementor-hidden-tablet elementor-widget elementor-widget-spacer\" data-id=\"9d6b457\" data-element_type=\"widget\" data-e-type=\"widget\" data-widget_type=\"spacer.default\">\n\t\t\t\t<div class=\"elementor-widget-container\">\n\t\t\t\t\t\t\t<div class=\"elementor-spacer\">\n\t\t\t<div class=\"elementor-spacer-inner\"><\/div>\n\t\t<\/div>\n\t\t\t\t\t\t<\/div>\n\t\t\t\t<\/div>\n\t\t\t\t<div class=\"elementor-element elementor-element-2251808 elementor-widget elementor-widget-text-editor\" data-id=\"2251808\" data-element_type=\"widget\" data-e-type=\"widget\" data-widget_type=\"text-editor.default\">\n\t\t\t\t<div class=\"elementor-widget-container\">\n\t\t\t\t\t\t\t\t\t<h2 style=\"text-align: center;\">OUR <span style=\"color: #40ab39;\">MISION<\/span><\/h2>\t\t\t\t\t\t\t\t<\/div>\n\t\t\t\t<\/div>\n\t\t\t\t<div class=\"elementor-element elementor-element-3127fad elementor-widget elementor-widget-image\" data-id=\"3127fad\" data-element_type=\"widget\" data-e-type=\"widget\" data-widget_type=\"image.default\">\n\t\t\t\t<div class=\"elementor-widget-container\">\n\t\t\t\t\t\t\t\t\t\t\t\t\t\t\t<img decoding=\"async\" width=\"375\" height=\"30\" src=\"https:\/\/greeninnovationinternational.com\/wp-content\/uploads\/2020\/12\/Wave.png\" class=\"attachment-full size-full wp-image-5218\" alt=\"\" srcset=\"https:\/\/greeninnovationinternational.com\/wp-content\/uploads\/2020\/12\/Wave.png 375w, https:\/\/greeninnovationinternational.com\/wp-content\/uploads\/2020\/12\/Wave-300x24.png 300w\" sizes=\"(max-width: 375px) 100vw, 375px\" \/>\t\t\t\t\t\t\t\t\t\t\t\t\t\t\t<\/div>\n\t\t\t\t<\/div>\n\t\t\t\t<div class=\"elementor-element elementor-element-17ba050 elementor-widget elementor-widget-text-editor\" data-id=\"17ba050\" data-element_type=\"widget\" data-e-type=\"widget\" data-widget_type=\"text-editor.default\">\n\t\t\t\t<div class=\"elementor-widget-container\">\n\t\t\t\t\t\t\t\t\t<p>To transform the way we live by delivering innovative and sustainable technologies that protect our planet and improve quality of life.<\/p>\t\t\t\t\t\t\t\t<\/div>\n\t\t\t\t<\/div>\n\t\t\t\t\t<\/div>\n\t\t<\/div>\n\t\t\t\t\t<\/div>\n\t\t<\/section>\n\t\t\t\t<div class=\"elementor-element elementor-element-a937186 elementor-widget elementor-widget-spacer\" data-id=\"a937186\" data-element_type=\"widget\" data-e-type=\"widget\" data-widget_type=\"spacer.default\">\n\t\t\t\t<div class=\"elementor-widget-container\">\n\t\t\t\t\t\t\t<div class=\"elementor-spacer\">\n\t\t\t<div class=\"elementor-spacer-inner\"><\/div>\n\t\t<\/div>\n\t\t\t\t\t\t<\/div>\n\t\t\t\t<\/div>\n\t\t\t\t<div class=\"elementor-element elementor-element-bc5b211 elementor-widget elementor-widget-image\" data-id=\"bc5b211\" data-element_type=\"widget\" data-e-type=\"widget\" data-widget_type=\"image.default\">\n\t\t\t\t<div class=\"elementor-widget-container\">\n\t\t\t\t\t\t\t\t\t\t\t\t\t\t\t<img loading=\"lazy\" decoding=\"async\" width=\"2048\" height=\"253\" src=\"https:\/\/greeninnovationinternational.com\/wp-content\/uploads\/2020\/12\/cut-bottom.png\" class=\"attachment-full size-full wp-image-3750\" alt=\"\" srcset=\"https:\/\/greeninnovationinternational.com\/wp-content\/uploads\/2020\/12\/cut-bottom.png 2048w, https:\/\/greeninnovationinternational.com\/wp-content\/uploads\/2020\/12\/cut-bottom-600x74.png 600w, https:\/\/greeninnovationinternational.com\/wp-content\/uploads\/2020\/12\/cut-bottom-800x99.png 800w, https:\/\/greeninnovationinternational.com\/wp-content\/uploads\/2020\/12\/cut-bottom-300x37.png 300w, https:\/\/greeninnovationinternational.com\/wp-content\/uploads\/2020\/12\/cut-bottom-768x95.png 768w, https:\/\/greeninnovationinternational.com\/wp-content\/uploads\/2020\/12\/cut-bottom-1024x127.png 1024w, https:\/\/greeninnovationinternational.com\/wp-content\/uploads\/2020\/12\/cut-bottom-1536x190.png 1536w\" sizes=\"(max-width: 2048px) 100vw, 2048px\" \/>\t\t\t\t\t\t\t\t\t\t\t\t\t\t\t<\/div>\n\t\t\t\t<\/div>\n\t\t\t\t\t<\/div>\n\t\t<\/div>\n\t\t\t\t\t<\/div>\n\t\t<\/section>\n\t\t\t\t<section class=\"elementor-section elementor-top-section elementor-element elementor-element-07683c0 elementor-section-full_width elementor-section-height-default elementor-section-height-default\" data-id=\"07683c0\" data-element_type=\"section\" data-e-type=\"section\" data-settings=\"{&quot;background_background&quot;:&quot;gradient&quot;}\">\n\t\t\t\t\t\t\t<div class=\"elementor-background-overlay\"><\/div>\n\t\t\t\t\t\t\t<div class=\"elementor-container elementor-column-gap-default\">\n\t\t\t\t\t<div class=\"elementor-column elementor-col-100 elementor-top-column elementor-element elementor-element-457ed56\" data-id=\"457ed56\" data-element_type=\"column\" data-e-type=\"column\">\n\t\t\t<div class=\"elementor-widget-wrap elementor-element-populated\">\n\t\t\t\t\t\t<section class=\"elementor-section elementor-inner-section elementor-element elementor-element-ac6d61d elementor-section-boxed elementor-section-height-default elementor-section-height-default\" data-id=\"ac6d61d\" data-element_type=\"section\" data-e-type=\"section\">\n\t\t\t\t\t\t<div class=\"elementor-container elementor-column-gap-default\">\n\t\t\t\t\t<div class=\"elementor-column elementor-col-100 elementor-inner-column elementor-element elementor-element-a317649\" data-id=\"a317649\" data-element_type=\"column\" data-e-type=\"column\">\n\t\t\t<div class=\"elementor-widget-wrap elementor-element-populated\">\n\t\t\t\t\t\t<div class=\"elementor-element elementor-element-1fc3942 elementor-hidden-desktop elementor-hidden-tablet elementor-widget elementor-widget-spacer\" data-id=\"1fc3942\" data-element_type=\"widget\" data-e-type=\"widget\" data-widget_type=\"spacer.default\">\n\t\t\t\t<div class=\"elementor-widget-container\">\n\t\t\t\t\t\t\t<div class=\"elementor-spacer\">\n\t\t\t<div class=\"elementor-spacer-inner\"><\/div>\n\t\t<\/div>\n\t\t\t\t\t\t<\/div>\n\t\t\t\t<\/div>\n\t\t\t\t<div class=\"elementor-element elementor-element-b2d7981 elementor-widget elementor-widget-text-editor\" data-id=\"b2d7981\" data-element_type=\"widget\" data-e-type=\"widget\" data-widget_type=\"text-editor.default\">\n\t\t\t\t<div class=\"elementor-widget-container\">\n\t\t\t\t\t\t\t\t\t<h2 style=\"text-align: center;\">OUR <span style=\"color: #40ab39;\">VISI\u00d3N<\/span><\/h2>\t\t\t\t\t\t\t\t<\/div>\n\t\t\t\t<\/div>\n\t\t\t\t<div class=\"elementor-element elementor-element-00d6af5 elementor-widget elementor-widget-image\" data-id=\"00d6af5\" data-element_type=\"widget\" data-e-type=\"widget\" data-widget_type=\"image.default\">\n\t\t\t\t<div class=\"elementor-widget-container\">\n\t\t\t\t\t\t\t\t\t\t\t\t\t\t\t<img decoding=\"async\" width=\"375\" height=\"30\" src=\"https:\/\/greeninnovationinternational.com\/wp-content\/uploads\/2020\/12\/Wave.png\" class=\"attachment-full size-full wp-image-5218\" alt=\"\" srcset=\"https:\/\/greeninnovationinternational.com\/wp-content\/uploads\/2020\/12\/Wave.png 375w, https:\/\/greeninnovationinternational.com\/wp-content\/uploads\/2020\/12\/Wave-300x24.png 300w\" sizes=\"(max-width: 375px) 100vw, 375px\" \/>\t\t\t\t\t\t\t\t\t\t\t\t\t\t\t<\/div>\n\t\t\t\t<\/div>\n\t\t\t\t<div class=\"elementor-element elementor-element-0641a96 elementor-widget elementor-widget-text-editor\" data-id=\"0641a96\" data-element_type=\"widget\" data-e-type=\"widget\" data-widget_type=\"text-editor.default\">\n\t\t\t\t<div class=\"elementor-widget-container\">\n\t\t\t\t\t\t\t\t\t<p>To lead the future of sustainable innovation, setting new standards in environmental responsibility, technology, and long-term impact.<\/p>\t\t\t\t\t\t\t\t<\/div>\n\t\t\t\t<\/div>\n\t\t\t\t\t<\/div>\n\t\t<\/div>\n\t\t\t\t\t<\/div>\n\t\t<\/section>\n\t\t\t\t<div class=\"elementor-element elementor-element-79b65cf elementor-widget elementor-widget-spacer\" data-id=\"79b65cf\" data-element_type=\"widget\" data-e-type=\"widget\" data-widget_type=\"spacer.default\">\n\t\t\t\t<div class=\"elementor-widget-container\">\n\t\t\t\t\t\t\t<div class=\"elementor-spacer\">\n\t\t\t<div class=\"elementor-spacer-inner\"><\/div>\n\t\t<\/div>\n\t\t\t\t\t\t<\/div>\n\t\t\t\t<\/div>\n\t\t\t\t<div class=\"elementor-element elementor-element-b4ae039 elementor-widget elementor-widget-image\" data-id=\"b4ae039\" data-element_type=\"widget\" data-e-type=\"widget\" data-widget_type=\"image.default\">\n\t\t\t\t<div class=\"elementor-widget-container\">\n\t\t\t\t\t\t\t\t\t\t\t\t\t\t\t<img loading=\"lazy\" decoding=\"async\" width=\"2048\" height=\"253\" src=\"https:\/\/greeninnovationinternational.com\/wp-content\/uploads\/2020\/12\/cut-bottom.png\" class=\"attachment-full size-full wp-image-3750\" alt=\"\" srcset=\"https:\/\/greeninnovationinternational.com\/wp-content\/uploads\/2020\/12\/cut-bottom.png 2048w, https:\/\/greeninnovationinternational.com\/wp-content\/uploads\/2020\/12\/cut-bottom-600x74.png 600w, https:\/\/greeninnovationinternational.com\/wp-content\/uploads\/2020\/12\/cut-bottom-800x99.png 800w, https:\/\/greeninnovationinternational.com\/wp-content\/uploads\/2020\/12\/cut-bottom-300x37.png 300w, https:\/\/greeninnovationinternational.com\/wp-content\/uploads\/2020\/12\/cut-bottom-768x95.png 768w, https:\/\/greeninnovationinternational.com\/wp-content\/uploads\/2020\/12\/cut-bottom-1024x127.png 1024w, https:\/\/greeninnovationinternational.com\/wp-content\/uploads\/2020\/12\/cut-bottom-1536x190.png 1536w\" sizes=\"(max-width: 2048px) 100vw, 2048px\" \/>\t\t\t\t\t\t\t\t\t\t\t\t\t\t\t<\/div>\n\t\t\t\t<\/div>\n\t\t\t\t\t<\/div>\n\t\t<\/div>\n\t\t\t\t\t<\/div>\n\t\t<\/section>\n\t\t\t\t<\/div>","protected":false},"excerpt":{"rendered":"<p>GREEN INNOVATION INTERNATIONAL |\u00a0Somos una compa\u00f1ia que ofrece soluciones tecnol\u00f3gicas innovadoras, amigables con el medio ambiente y sostenibles en el tiempo. La principal soluci\u00f3n que ofrece G.I.C es el generador de agua atmosf\u00e9rica que integra una tecnolog\u00eda aplicable a la gesti\u00f3n sostenible del agua siendo una fuente natural de \u00e9sta que se genera a trav\u00e9s [&hellip;]<\/p>\n","protected":false},"author":1,"featured_media":0,"parent":0,"menu_order":0,"comment_status":"closed","ping_status":"closed","template":"elementor_header_footer","meta":{"ngg_post_thumbnail":0,"footnotes":""},"class_list":["post-21","page","type-page","status-publish","hentry"],"_links":{"self":[{"href":"https:\/\/greeninnovationinternational.com\/en\/wp-json\/wp\/v2\/pages\/21","targetHints":{"allow":["GET"]}}],"collection":[{"href":"https:\/\/greeninnovationinternational.com\/en\/wp-json\/wp\/v2\/pages"}],"about":[{"href":"https:\/\/greeninnovationinternational.com\/en\/wp-json\/wp\/v2\/types\/page"}],"author":[{"embeddable":true,"href":"https:\/\/greeninnovationinternational.com\/en\/wp-json\/wp\/v2\/users\/1"}],"replies":[{"embeddable":true,"href":"https:\/\/greeninnovationinternational.com\/en\/wp-json\/wp\/v2\/comments?post=21"}],"version-history":[{"count":7,"href":"https:\/\/greeninnovationinternational.com\/en\/wp-json\/wp\/v2\/pages\/21\/revisions"}],"predecessor-version":[{"id":7407,"href":"https:\/\/greeninnovationinternational.com\/en\/wp-json\/wp\/v2\/pages\/21\/revisions\/7407"}],"wp:attachment":[{"href":"https:\/\/greeninnovationinternational.com\/en\/wp-json\/wp\/v2\/media?parent=21"}],"curies":[{"name":"wp","href":"https:\/\/api.w.org\/{rel}","templated":true}]}}